{"id":36,"date":"2016-11-19T16:07:12","date_gmt":"2016-11-19T16:07:12","guid":{"rendered":"http:\/\/haghulta.se\/?page_id=36"},"modified":"2025-09-07T17:39:51","modified_gmt":"2025-09-07T17:39:51","slug":"samfalligheten","status":"publish","type":"page","link":"https:\/\/haghulta.se\/samfalligheten\/","title":{"rendered":"Samf\u00e4lligheten"},"content":{"rendered":"<h3>Haghulta samf\u00e4llighetsf\u00f6rening<\/h3>\n<p>F\u00f6reningen bildades 1989. Haghulta samf\u00e4llighetsf\u00f6rening best\u00e5r av fastigheter p\u00e5 f\u00f6ljande gator:<\/p>\n<ul>\n<li><strong>H\u00f6gtorpsv\u00e4gen<\/strong><\/li>\n<li><strong> Fruviks G\u00e5rds v\u00e4g<\/strong><\/li>\n<li><strong>Fruviksv\u00e4gen 2-9 samt 14-36 <\/strong><\/li>\n<li><strong>Bruncronas v\u00e4g<\/strong><\/li>\n<li><strong>Magnussons v\u00e4g<\/strong><\/li>\n<li><strong>Berglinds v\u00e4g <\/strong><\/li>\n<li><strong>Sundstedts v\u00e4g 12-22.<\/strong><\/li>\n<\/ul>\n<p>F\u00f6reningen omfattar 128 fastigheter och tillvaratar gemensamma ekonomiska intressen samt f\u00f6rvaltar f\u00f6ljande gemensamhetsanl\u00e4ggningar:<\/p>\n<ul>\n<li><strong>Gemensamhetsanl\u00e4ggning GA:2 &#8211; <\/strong>\u00c4ngen, kajen, bryggan, stranden, lekplatser med utrustning och gr\u00f6nomr\u00e5den.<\/li>\n<li><strong>Gemensamhetsanl\u00e4ggning GA:3 &#8211; <\/strong>Bullerplank l\u00e4ngs Sk\u00e4rg\u00e5rdsv\u00e4gen vid Berglinds v\u00e4g.<\/li>\n<li><strong>Gemensamhetsanl\u00e4ggning GA:4 &#8211; <\/strong>TV-anl\u00e4ggning<\/li>\n<\/ul>\n<p>F\u00f6reningens verksamhet regleras enligt lagen 1973:1150 om f\u00f6rvaltningen av samf\u00e4lligheter.<\/p>\n<p>Samf\u00e4llighetskarta med ansvarsomr\u00e5den och kontaktinformation till <a href=\"https:\/\/haghulta.se\/index.php\/omradesansvariga\/\" target=\"_blank\" rel=\"noopener noreferrer\">omr\u00e5desansvariga<\/a><\/p>\n<p>Observera att omr\u00e5dets v\u00e4gar inte ing\u00e5r i samf\u00e4llighetens ansvar utan sk\u00f6ts av Vik-Fruviks v\u00e4gf\u00f6rening. D\u00e4r ing\u00e5r \u00e4ven ansvar f\u00f6r v\u00e4gbelysning, sn\u00f6r\u00f6jning, sandning, diken och v\u00e4grenar.<\/p>\n<h3>Postadress<\/h3>\n<p>Haghulta samf\u00e4llighetsf\u00f6rening<br \/>c\/o Linda Herbst<br \/>Bruncronas v\u00e4g 14<br \/>139 34 V\u00e4rmd\u00f6<\/p>\n<div>\n<h3>Ekonomisk F\u00f6rvaltning<\/h3>\n<\/div>\n<p>F\u00f6reningens ekonomi f\u00f6rvaltas av styrelsen. F\u00f6reningens kostnader \u00e4r i huvudsak f\u00f6r v\u00e4rme, vatten, belysning, drift- och underh\u00e5ll.<\/p>\n<h3>F\u00f6rs\u00e4kring<\/h3>\n<p>Samf\u00e4llighetens gemensamhetsanl\u00e4ggning \u00e4r f\u00f6rs\u00e4krad.<\/p>\n\n\n<p><\/p>\n","protected":false},"excerpt":{"rendered":"<p>Haghulta samf\u00e4llighetsf\u00f6rening F\u00f6reningen bildades 1989. Haghulta samf\u00e4llighetsf\u00f6rening best\u00e5r av fastigheter p\u00e5 f\u00f6ljande gator: H\u00f6gtorpsv\u00e4gen Fruviks G\u00e5rds v\u00e4g Fruviksv\u00e4gen 2-9 samt 14-36 Bruncronas v\u00e4g Magnussons v\u00e4g Berglinds v\u00e4g Sundstedts v\u00e4g 12-22. F\u00f6reningen omfattar 128 fastigheter och tillvaratar gemensamma ekonomiska intressen samt f\u00f6rvaltar f\u00f6ljande gemensamhetsanl\u00e4ggningar: Gemensamhetsanl\u00e4ggning GA:2 &#8211; \u00c4ngen, kajen, bryggan, stranden, lekplatser med utrustning och gr\u00f6nomr\u00e5den. [&hellip;]<\/p>\n","protected":false},"author":1,"featured_media":0,"parent":0,"menu_order":0,"comment_status":"closed","ping_status":"closed","template":"","meta":{"site-sidebar-layout":"default","site-content-layout":"","ast-site-content-layout":"default","site-content-style":"default","site-sidebar-style":"default","ast-global-header-display":"","ast-banner-title-visibility":"","ast-main-header-display":"","ast-hfb-above-header-display":"","ast-hfb-below-header-display":"","ast-hfb-mobile-header-display":"","site-post-title":"","ast-breadcrumbs-content":"","ast-featured-img":"","footer-sml-layout":"","ast-disable-related-posts":"","theme-transparent-header-meta":"","adv-header-id-meta":"","stick-header-meta":"","header-above-stick-meta":"","header-main-stick-meta":"","header-below-stick-meta":"","astra-migrate-meta-layouts":"default","ast-page-background-enabled":"default","ast-page-background-meta":{"desktop":{"background-color":"var(--ast-global-color-4)","background-image":"","background-repeat":"repeat","background-position":"center center","background-size":"auto","background-attachment":"scroll","background-type":"","background-media":"","overlay-type":"","overlay-color":"","overlay-opacity":"","overlay-gradient":""},"tablet":{"background-color":"","background-image":"","background-repeat":"repeat","background-position":"center center","background-size":"auto","background-attachment":"scroll","background-type":"","background-media":"","overlay-type":"","overlay-color":"","overlay-opacity":"","overlay-gradient":""},"mobile":{"background-color":"","background-image":"","background-repeat":"repeat","background-position":"center center","background-size":"auto","background-attachment":"scroll","background-type":"","background-media":"","overlay-type":"","overlay-color":"","overlay-opacity":"","overlay-gradient":""}},"ast-content-background-meta":{"desktop":{"background-color":"var(--ast-global-color-5)","background-image":"","background-repeat":"repeat","background-position":"center center","background-size":"auto","background-attachment":"scroll","background-type":"","background-media":"","overlay-type":"","overlay-color":"","overlay-opacity":"","overlay-gradient":""},"tablet":{"background-color":"var(--ast-global-color-5)","background-image":"","background-repeat":"repeat","background-position":"center center","background-size":"auto","background-attachment":"scroll","background-type":"","background-media":"","overlay-type":"","overlay-color":"","overlay-opacity":"","overlay-gradient":""},"mobile":{"background-color":"var(--ast-global-color-5)","background-image":"","background-repeat":"repeat","background-position":"center center","background-size":"auto","background-attachment":"scroll","background-type":"","background-media":"","overlay-type":"","overlay-color":"","overlay-opacity":"","overlay-gradient":""}},"_themeisle_gutenberg_block_has_review":false,"footnotes":""},"class_list":["post-36","page","type-page","status-publish","hentry"],"_links":{"self":[{"href":"https:\/\/haghulta.se\/wp-json\/wp\/v2\/pages\/36","targetHints":{"allow":["GET"]}}],"collection":[{"href":"https:\/\/haghulta.se\/wp-json\/wp\/v2\/pages"}],"about":[{"href":"https:\/\/haghulta.se\/wp-json\/wp\/v2\/types\/page"}],"author":[{"embeddable":true,"href":"https:\/\/haghulta.se\/wp-json\/wp\/v2\/users\/1"}],"replies":[{"embeddable":true,"href":"https:\/\/haghulta.se\/wp-json\/wp\/v2\/comments?post=36"}],"version-history":[{"count":27,"href":"https:\/\/haghulta.se\/wp-json\/wp\/v2\/pages\/36\/revisions"}],"predecessor-version":[{"id":2241,"href":"https:\/\/haghulta.se\/wp-json\/wp\/v2\/pages\/36\/revisions\/2241"}],"wp:attachment":[{"href":"https:\/\/haghulta.se\/wp-json\/wp\/v2\/media?parent=36"}],"curies":[{"name":"wp","href":"https:\/\/api.w.org\/{rel}","templated":true}]}}