{"id":1381,"date":"2019-09-04T21:03:50","date_gmt":"2019-09-04T21:03:50","guid":{"rendered":"http:\/\/haghulta.se\/?page_id=1381"},"modified":"2025-08-25T18:04:38","modified_gmt":"2025-08-25T18:04:38","slug":"omradesansvariga","status":"publish","type":"page","link":"https:\/\/haghulta.se\/index.php\/omradesansvariga\/","title":{"rendered":"Omr\u00e5desansvariga"},"content":{"rendered":"\n<div class=\"wp-block-media-text alignwide\"><figure class=\"wp-block-media-text__media\"><img fetchpriority=\"high\" decoding=\"async\" width=\"1024\" height=\"663\" src=\"https:\/\/haghulta.se\/wp-content\/uploads\/2019\/09\/KartaHaghulta-1024x663.png\" alt=\"\" class=\"wp-image-1404 size-full\" srcset=\"https:\/\/haghulta.se\/wp-content\/uploads\/2019\/09\/KartaHaghulta-1024x663.png 1024w, https:\/\/haghulta.se\/wp-content\/uploads\/2019\/09\/KartaHaghulta-600x388.png 600w, https:\/\/haghulta.se\/wp-content\/uploads\/2019\/09\/KartaHaghulta-300x194.png 300w, https:\/\/haghulta.se\/wp-content\/uploads\/2019\/09\/KartaHaghulta-768x497.png 768w, https:\/\/haghulta.se\/wp-content\/uploads\/2019\/09\/KartaHaghulta.png 1441w\" sizes=\"(max-width: 1024px) 100vw, 1024px\" \/><\/figure><div class=\"wp-block-media-text__content\">\n<p class=\"has-smal-font-size\"><strong>Omr\u00e5de 1 &#8211; \u00c4ngen och Stranden: <\/strong><br>Richard Ahlstr\u00f6m<br>Fruviks g\u00e5rds v\u00e4g 13<br>070-221 34 63<\/p>\n\n\n\n<p class=\"has-smal-font-size\"><br><strong>Omr\u00e5de 2 &#8211; H\u00f6gtorpsv\u00e4gen:<\/strong><br>Mats Egebrandt<br>H\u00f6gtorpsv\u00e4gen 18 <br>070-565 65 44<\/p>\n\n\n\n<p class=\"has-smal-font-size\"><br><strong>Omr\u00e5de 3 &#8211; Magnussons v\u00e4g:<\/strong><br>Gunnar Etzell<br>Magnussonsv\u00e4g 8 <br>070-581 32 58<\/p>\n\n\n\n<p class=\"has-smal-font-size\"><br><strong>Omr\u00e5de 4 &#8211; Berglinds v\u00e4g:<\/strong><br>Gabriella Ral<br>Berglinds v\u00e4g 41<br>070-464 96 46 &nbsp;&nbsp;<\/p>\n<\/div><\/div>\n","protected":false},"excerpt":{"rendered":"<p>Omr\u00e5de 1 &#8211; \u00c4ngen och Stranden: Richard Ahlstr\u00f6mFruviks g\u00e5rds v\u00e4g 13070-221 34 63 Omr\u00e5de 2 &#8211; H\u00f6gtorpsv\u00e4gen:Mats EgebrandtH\u00f6gtorpsv\u00e4gen 18 070-565 65 44 Omr\u00e5de 3 &#8211; Magnussons v\u00e4g:Gunnar EtzellMagnussonsv\u00e4g 8 070-581 32 58 Omr\u00e5de 4 &#8211; Berglinds v\u00e4g:Gabriella RalBerglinds v\u00e4g 41070-464 96 46 &nbsp;&nbsp;<\/p>\n","protected":false},"author":1,"featured_media":0,"parent":0,"menu_order":0,"comment_status":"closed","ping_status":"closed","template":"","meta":{"_themeisle_gutenberg_block_has_review":false,"footnotes":""},"class_list":["post-1381","page","type-page","status-publish","hentry"],"_links":{"self":[{"href":"https:\/\/haghulta.se\/index.php\/wp-json\/wp\/v2\/pages\/1381","targetHints":{"allow":["GET"]}}],"collection":[{"href":"https:\/\/haghulta.se\/index.php\/wp-json\/wp\/v2\/pages"}],"about":[{"href":"https:\/\/haghulta.se\/index.php\/wp-json\/wp\/v2\/types\/page"}],"author":[{"embeddable":true,"href":"https:\/\/haghulta.se\/index.php\/wp-json\/wp\/v2\/users\/1"}],"replies":[{"embeddable":true,"href":"https:\/\/haghulta.se\/index.php\/wp-json\/wp\/v2\/comments?post=1381"}],"version-history":[{"count":21,"href":"https:\/\/haghulta.se\/index.php\/wp-json\/wp\/v2\/pages\/1381\/revisions"}],"predecessor-version":[{"id":2207,"href":"https:\/\/haghulta.se\/index.php\/wp-json\/wp\/v2\/pages\/1381\/revisions\/2207"}],"wp:attachment":[{"href":"https:\/\/haghulta.se\/index.php\/wp-json\/wp\/v2\/media?parent=1381"}],"curies":[{"name":"wp","href":"https:\/\/api.w.org\/{rel}","templated":true}]}}